{"id":12,"date":"2013-03-10T08:17:16","date_gmt":"2013-03-10T08:17:16","guid":{"rendered":"http:\/\/www.ggmusica.com\/gerson\/?page_id=12"},"modified":"2014-04-17T08:51:23","modified_gmt":"2014-04-17T08:51:23","slug":"curriculum","status":"publish","type":"page","link":"https:\/\/www.ggmusica.com\/gerson\/curriculum\/","title":{"rendered":"Curr\u00edculum"},"content":{"rendered":"\n<div class=\"ether-widget ether-multi ether-default-flat ether-tabs ether-tabs-orientation-x ether-tabs-align-left\"  style=\"\" >\n\t<h2 class=\"ether-title ether-toggle-button ether-current\">Estudios<\/h2>\n\t<div class=\"ether-content ether-toggle-content\"><p>- ISEM Taller de M\u00fasics de Barcelona<br \/> Actualmente cursando el Grado Superior de M\u00fasica Moderna y Jazz con la especializaci\u00f3n en Canto.<\/p>\n<p>- Taller de M\u00fasics de Barcelona<br \/> - Arreglos con Santi Gal\u00e1n (2007-2009).<br \/> - Lenguaje Musical con Ram\u00f3n C\u00edvit (2006-2009).<br \/> - Armon\u00eda Moderna con Jordi Riera (2007).<br \/> - Piano Moderno con Isabel Membrilla y Carles Uguet (2007-2008).<\/p>\n<p>- Armon\u00eda Moderna con \u00c0lex Mart\u00ednez (2004-2007).<\/p>\n<p>- T\u00edtulo de Estill Voice Training (Voice Craft) con Hellen Rowson (2004-2005).<\/p>\n<p>- Percusi\u00f3n Latina y Flamenca con Nan Mercader (2004-2006).<\/p>\n<p>- Canto Cl\u00e1sico con Norman Bowman (2002-2003).<\/p>\n<p>- Canto Moderno con Ana Cerezo (1999-2000) y Xavi Benet (2001).<\/p>\n<p>- Bajo El\u00e9ctrico con Joan Rectoret (1999).<\/p>\n<p>- Escola Municipal de M\u00fasica Josep M. Ruera (1989-2004)<br \/> - Piano Moderno con Mart\u00ed Ventura.<br \/> - Saxo Moderno con Llibert Fortuny.<br \/> - Grado Medio de Piano Cl\u00e1sico con Josep M. Roger y Jordi Mas\u00f3.<br \/> - Grado Medio de Lenguaje Musical.<br \/> - Armon\u00eda Tradicional con Josep Guallar.<br \/> - Inform\u00e1tica Musical con Josep Guallar.<br \/> - Historia de la M\u00fasica con Anna M. Piera y Carles Riera.<br \/> - Canto Coral.<br \/> - M\u00fasica de C\u00e1mara.<br \/> - Audici\u00f3n y An\u00e1lisis de la M\u00fasica Cl\u00e1sica.<\/p>\n<\/div>\n\t<h2 class=\"ether-title ether-toggle-button\">Composici\u00f3n<\/h2>\n\t<div class=\"ether-content ether-toggle-content\"><p>- Video promocional de Karicia.<\/p>\n<p>- Video promocional del interiorista Karlos Bay\u00f3n.<\/p>\n<p>- M\u00fasica de Perestroika La Serie.<\/p>\n<p>- M\u00fasica de Magn\u00f2lia Escola Infantil.<\/p>\n<p>- Banda Sonora del cortometraje La Familia de Aitor Guti\u00e9rrez.<\/p>\n<p>- Banda Sonora del video corporativo de Grupo Hospitalario Quir\u00f3n.<\/p>\n<p>- Banda Sonora del video corporativo Drago Electr\u00f3nica.<\/p>\n<p>- M\u00fasica del Programa Salud y Belleza Dra.Escoda para BTV.<\/p>\n<p>- Spot de TV - Vajilla Cuatro Estaciones de Planeta Directo.<\/p>\n<p>- M\u00fasica para spot de cine de Policl\u00ednica BCN.<\/p>\n<p>- M\u00fasica para el video corporativo de R\u00e0dio Taxi 033 y para los spots de radio y televisi\u00f3n.<\/p>\n<p>- M\u00fasica del spot de TV de Paolo Stefanelli.<\/p>\n<p>- M\u00fasica para la web de Smart Planet Imaging Science.<\/p>\n<p>- M\u00fasica para los spots de TV de Barcelona Meeting Point.<\/p>\n<\/div>\n\t<h2 class=\"ether-title ether-toggle-button\">M\u00fasico<\/h2>\n\t<div class=\"ether-content ether-toggle-content\"><p>- Cantante y guitarrista de GeGe (neo-soul) y compositor y arreglista junto a Gilmar\u00ed Gerena (2009-actualidad).<\/p>\n<p>- Cantante de \"Ganollers La Can\u00e7\u00f3\" junto a Ivette Nadal (2009).<\/p>\n<p>- Cantante solista del tema principal de la pel\u00edcula Chicken Little (Disney), versi\u00f3n en catal\u00e1n (2005).<\/p>\n<p>- Corista de la canci\u00f3n \"Qu\u00e9 Bueno Es Comer\" de Ice Age 2 (Fox) versi\u00f3n en castellano y catal\u00e1n (2005).<\/p>\n<p>- Cantante en anuncios para TV y Radio: Kinder Schoko-bons , R\u00e0dio Taxi 033.<\/p>\n<p>- Cantante y percusionista de Entre3 (flamenco-pop) (2002-2007).<\/p>\n<p>- Cantante solista y percusionista de Cor Gospel Barcelona (2004-2006).<\/p>\n<p>- Cantante, l\u00edder de voz y solista de Cor Gospel Barcelona (1998-2004).<\/p>\n<p>- Cantante y percusionista de las orquestas La Futura e Impakto en la temporada 2008. Con repertorio desde Bailes de Sal\u00f3n hasta Pop-Rock actual. <\/p>\n<p>- Cantante y percusionista en un d\u00fao de Jazz con actuaciones cada semana en el Restaurante Can Molina's Show (2007-2008).<\/p>\n<p>- Corista en diferentes grabaciones de los cantantes y grupos: Mingo (Cantautor), Sylvia Santoro (Funk-Rock), Saray D\u00e1nez (R&amp;B), Enon (Rock).<\/p>\n<p>- Percusionista en diferentes grabaciones de los cantantes y grupos: Juli\u00e1n Cand\u00f3n (Pop-Rock), Sylvia Santoro (Funk-Rock), Saray D\u00e1nez (R&amp;B), Elastic Groove (Fussion), Dominical Jam (Rock Progresivo), Cor Gospel Barcelona (Gospel).<\/p>\n<p>- Corista de Misiles Mel\u00f3dicos, coproducci\u00f3n teatral del Centro Dram\u00e1tico Aragon\u00e9s, Centro Dram\u00e1tico Galego y el Teatro Espa\u00f1ol (2005).<\/p>\n<p>- Colaborador como corista y percusionista en producciones de Gnomon Records (2000-2004).<\/p>\n<p>- Colaborador del equipo t\u00e9cnico de Tot Sona Records, a su vez como cantante y percusionista en diversas producciones y copista (2000-actualidad).<\/p>\n<p>- Percusionista y corista en los directos de Saray D\u00e1nez y Mingo.<\/p>\n<p>- Cantante de Wait, grupo de funk de Barcelona (1999-2002).<\/p>\n<p>- Percusionista en la presentaci\u00f3n del disco \"Pensa En Mi\" del cantautor Joan Marc.<\/p>\n<p>- Bajista y corista de Sylvia Santoro (2000-2003).<\/p>\n<p>- Percusionista y corista de Sylvia Santoro (2003-2005).<\/p>\n<p>- Cantante invitado en December Quintet (Jazz).<\/p>\n<p>- Saxofonista y cantante de la orquesta Spirit (2004).<\/p>\n<p>- Teclista de Sargon (Metal) (2000-2001).<\/p>\n<p>- Participaci\u00f3n como pianista en un cap\u00edtulo de Setze Dobles (Diagonal Televisi\u00f3n, S.A.) .<\/p>\n<p>- Figuraci\u00f3n como saxofonista en Gala Ben\u00e9fica de Localia TV (2003).<\/p>\n<p>- Bajista de Witchfate (Metal) (1998-2000).<\/p>\n<p>\u00a0<\/p>\n<\/div>\n\t<h2 class=\"ether-title ether-toggle-button\">Grabaciones<\/h2>\n\t<div class=\"ether-content ether-toggle-content\"><p>Chicken Little<br \/>Walt Disney 2005<\/p>\n<p>Versi\u00f3n en catal\u00e1n<\/p>\n<p>Voz principal: <br \/>Gerson Gelabert<\/p>\n<p>\u00a0<\/p>\n<p>Ice Age 2 <br \/>El Deshielo<br \/>FOX 2006<\/p>\n<p>\u00a0Coros:\u00a0<\/p>\n<p><em id=\"__mceDel\">Gerson Gelabert<\/em><\/p>\n<\/div>\n\t<h2 class=\"ether-title ether-toggle-button\">Docencia<\/h2>\n\t<div class=\"ether-content ether-toggle-content\"><p>- Escuela ABCD-M\u00fasica, Barcelona (2008-actualidad)<br \/> - Lenguaje Musical<br \/> - Armon\u00eda<br \/> - Canto<br \/> - Percusi\u00f3n<br \/> - Conjunto Instrumental<br \/> - Canto Coral<br \/> - Piano Cl\u00e1sico<br \/> - Piano Moderno<\/p>\n<p>- Escola Municipal de M\u00fasica Josep M. Ruera, Granollers (2001-actualidad)<br \/> Profesor sustituto<br \/> - Lenguaje Musical<br \/> - Piano<\/p>\n<p>- Escola de M\u00fasica Amics de la Uni\u00f3, Granollers (2002-2005)<br \/> - Piano<br \/> Profesor sustituto<br \/> - Piano<br \/> - Guitarra<br \/> - Lenguaje Musical<br \/> - Armon\u00eda<\/p>\n<p>- Clases particulares (2000-2010)<br \/> - Canto<br \/> - Percusi\u00f3n<br \/> - Lenguaje Musical<br \/> - Armon\u00eda<\/p>\n<\/div>\n\t<h2 class=\"ether-title ether-toggle-button\">Otros<\/h2>\n\t<div class=\"ether-content ether-toggle-content\"><p>- T\u00e9cnico de sonido de Atrica Media Digital Communication BCN (2004-2008). Sonido en directo y de estudio de cu\u00f1as publicitarias, anuncios de TV, videos corporativos, documentales, programas de TV.<\/p>\n<p>Para:<br \/> - Planeta Directo<br \/> - Shopo<br \/> - Redes<br \/> - Smart Planet<br \/> - R\u00e0dio Taxi 033<br \/> - Paolo Stefanelli<br \/> - Dra. Escoda<br \/> - Grupo Hospitalario Quir\u00f3n<br \/> - Drago Electr\u00f3nica<\/p>\n<p>- Coordinador de las Jam Session del Restaurante Can Molina's Show (2007-2008).<\/p>\n<p>- T\u00e9cnico de sonido y luces de la compa\u00f1\u00eda de teatro Bambolina Teatre (2000-2002).<\/p>\n<\/div>\n<\/div> <!-- end .multi -->","protected":false},"excerpt":{"rendered":"<p>Estudios &#8211; ISEM Taller de M\u00fasics de Barcelona Actualmente cursando el Grado Superior de M\u00fasica Moderna y Jazz con la especializaci\u00f3n en Canto. &#8211; Taller de M\u00fasics de Barcelona &#8211; Arreglos con Santi Gal\u00e1n (2007-2009). &#8211; Lenguaje Musical con Ram\u00f3n C\u00edvit (2006-2009). &#8211; Armon\u00eda Moderna con Jordi Riera (2007). -[&#8230;]<\/p>\n","protected":false},"author":1,"featured_media":0,"parent":0,"menu_order":0,"comment_status":"closed","ping_status":"closed","template":"","meta":{"footnotes":""},"_links":{"self":[{"href":"https:\/\/www.ggmusica.com\/gerson\/wp-json\/wp\/v2\/pages\/12"}],"collection":[{"href":"https:\/\/www.ggmusica.com\/gerson\/wp-json\/wp\/v2\/pages"}],"about":[{"href":"https:\/\/www.ggmusica.com\/gerson\/wp-json\/wp\/v2\/types\/page"}],"author":[{"embeddable":true,"href":"https:\/\/www.ggmusica.com\/gerson\/wp-json\/wp\/v2\/users\/1"}],"replies":[{"embeddable":true,"href":"https:\/\/www.ggmusica.com\/gerson\/wp-json\/wp\/v2\/comments?post=12"}],"version-history":[{"count":5,"href":"https:\/\/www.ggmusica.com\/gerson\/wp-json\/wp\/v2\/pages\/12\/revisions"}],"predecessor-version":[{"id":54,"href":"https:\/\/www.ggmusica.com\/gerson\/wp-json\/wp\/v2\/pages\/12\/revisions\/54"}],"wp:attachment":[{"href":"https:\/\/www.ggmusica.com\/gerson\/wp-json\/wp\/v2\/media?parent=12"}],"curies":[{"name":"wp","href":"https:\/\/api.w.org\/{rel}","templated":true}]}}