{"id":2,"date":"2013-03-10T08:08:48","date_gmt":"2013-03-10T08:08:48","guid":{"rendered":"http:\/\/www.ggmusica.com\/gerson\/?page_id=2"},"modified":"2013-03-10T08:13:05","modified_gmt":"2013-03-10T08:13:05","slug":"biografia","status":"publish","type":"page","link":"https:\/\/www.ggmusica.com\/gerson\/biografia\/","title":{"rendered":"Biograf\u00eda"},"content":{"rendered":"<p>Nacido en Barcelona el 18 de octubre de 1983, crece en una familia en la que el arte est\u00e1 muy presente. A los seis a\u00f1os inicia sus estudios musicales en el Conservatori Municipal de M\u00fasica de Granollers, donde realiza solfeo, piano (con Josep M. Roger y Jordi Mass\u00f3), armon\u00eda (Josep Guallar), historia de la m\u00fasica (Carles Riera), inform\u00e1tica musical, m\u00fasica de c\u00e1mara y saxo (con LLibert Fortuny).<\/p>\n<p>Paralelamente toma clases de bajo el\u00e9ctrico con Joan Rectoret, percusi\u00f3n flamenca y latina con Nan Mercader, armon\u00eda moderna con \u00c0lex Mart\u00ednez y canto con diversos profesores, entre ellos Ana Cerezo, Xavi Ben\u00edtez, Norman Bowman y Hellen Rowson, con quien durante el per\u00edodo de dos a\u00f1os realiza el t\u00edtulo de Estill Voice Training -Voice Craft.<\/p>\n<p>Complementa sus estudios en el Taller de M\u00fasics de Barcelona, donde cursa durante tres a\u00f1os el T\u00edtulo de Arreglista-Compositor, el cual decide dejar para entrar a la Licenciatura de M\u00fasica Jazz con la especialidad de Canto en el ISEM.<\/p>\n<p>Como cantante, a los 15 a\u00f1os entra a formar parte del Cor Gospel Barcelona, donde un a\u00f1o despu\u00e9s ya es solista, y en el que permanecer\u00e1 8 temporadas. Tambi\u00e9n entra como solista en Wait, un grupo de Funk de Barcelona. Trabaja en diferentes orquestas de baile y colabora con diferentes formaciones como artista invitado. Es contratado por Walt Disney para la interpretaci\u00f3n como solista en la versi\u00f3n catalana de \u201cChicken Little\u201d, y como corista en \u201cIce Age 2\u201d. Graba diversas cu\u00f1as publicitarias. Colabora en las grabaciones de Tot Sona como solista, corista y percusionista. Tambi\u00e9n como corista forma parte de diferentes grupos, entre ellos: Mingo, Sylvia Santoro, Saray D\u00e1nez. Participa en diversas grabaciones como solista, corista y percusionista. Es solista junto a Ivet Nadal de la canci\u00f3n: \u201cGranollers, la can\u00e7\u00f3\u201d.<\/p>\n<p>Como compositor, ya desde muy peque\u00f1o, empieza a experimentar con sus propias canciones. En 2001 entra a formar parte de Atrica Media Digital Communication, donde desarrolla su capacidad creativa componiendo m\u00fasica para spots publicitarios, v\u00eddeos corporativos y programas de televisi\u00f3n. Compone la m\u00fasica para el cortometraje \u201cLa Familia\u201d de Aitor Guti\u00e9rrez. Actualmente trabaja con Caja Box musicando v\u00eddeos corporativos, spots y \u201cPerestroika la Serie\u201d.<\/p>\n<p>Tambi\u00e9n est\u00e1 sumergido en proyectos propios que pronto conocer\u00e9is.<\/p>\n\n","protected":false},"excerpt":{"rendered":"<p>Nacido en Barcelona el 18 de octubre de 1983, crece en una familia en la que el arte est\u00e1 muy presente. A los seis a\u00f1os inicia sus estudios musicales en el Conservatori Municipal de M\u00fasica de Granollers, donde realiza solfeo, piano (con Josep M. Roger y Jordi Mass\u00f3), armon\u00eda (Josep[&#8230;]<\/p>\n","protected":false},"author":1,"featured_media":0,"parent":0,"menu_order":0,"comment_status":"closed","ping_status":"open","template":"","meta":{"footnotes":""},"_links":{"self":[{"href":"https:\/\/www.ggmusica.com\/gerson\/wp-json\/wp\/v2\/pages\/2"}],"collection":[{"href":"https:\/\/www.ggmusica.com\/gerson\/wp-json\/wp\/v2\/pages"}],"about":[{"href":"https:\/\/www.ggmusica.com\/gerson\/wp-json\/wp\/v2\/types\/page"}],"author":[{"embeddable":true,"href":"https:\/\/www.ggmusica.com\/gerson\/wp-json\/wp\/v2\/users\/1"}],"replies":[{"embeddable":true,"href":"https:\/\/www.ggmusica.com\/gerson\/wp-json\/wp\/v2\/comments?post=2"}],"version-history":[{"count":3,"href":"https:\/\/www.ggmusica.com\/gerson\/wp-json\/wp\/v2\/pages\/2\/revisions"}],"predecessor-version":[{"id":52,"href":"https:\/\/www.ggmusica.com\/gerson\/wp-json\/wp\/v2\/pages\/2\/revisions\/52"}],"wp:attachment":[{"href":"https:\/\/www.ggmusica.com\/gerson\/wp-json\/wp\/v2\/media?parent=2"}],"curies":[{"name":"wp","href":"https:\/\/api.w.org\/{rel}","templated":true}]}}